{"id":598,"date":"2018-06-19T10:44:49","date_gmt":"2018-06-19T10:44:49","guid":{"rendered":"https:\/\/emu.ehh.ro\/kapcsolat\/"},"modified":"2025-04-02T09:25:18","modified_gmt":"2025-04-02T09:25:18","slug":"contact","status":"publish","type":"page","link":"https:\/\/emu2025.ehh.ro\/ro\/contact\/","title":{"rendered":"Contact"},"content":{"rendered":"\t\t<div data-elementor-type=\"wp-post\" data-elementor-id=\"598\" class=\"elementor elementor-598 elementor-75\" data-elementor-post-type=\"page\">\n\t\t\t\t\t\t<section class=\"elementor-section elementor-top-section elementor-element elementor-element-b222737 elementor-section-stretched elementor-section-height-min-height elementor-section-boxed elementor-section-height-default elementor-section-items-middle\" data-id=\"b222737\" data-element_type=\"section\" data-settings=\"{&quot;stretch_section&quot;:&quot;section-stretched&quot;,&quot;background_background&quot;:&quot;classic&quot;}\">\n\t\t\t\t\t\t\t<div class=\"elementor-background-overlay\"><\/div>\n\t\t\t\t\t\t\t<div class=\"elementor-container elementor-column-gap-default\">\n\t\t\t\t\t<div class=\"aux-parallax-section elementor-column elementor-col-100 elementor-top-column elementor-element elementor-element-1f1dcc3 aux-appear-watch-animation aux-fade-in-right\" data-id=\"1f1dcc3\" data-element_type=\"column\">\n\t\t\t<div class=\"elementor-widget-wrap elementor-element-populated\">\n\t\t\t\t\t\t<div class=\"elementor-element elementor-element-cba28cc elementor-widget elementor-widget-aux_modern_heading\" data-id=\"cba28cc\" data-element_type=\"widget\" data-widget_type=\"aux_modern_heading.default\">\n\t\t\t\t<div class=\"elementor-widget-container\">\n\t\t\t\t\t<section class=\"aux-widget-modern-heading\">\n            <div class=\"aux-widget-inner\"><h2 class=\"aux-modern-heading-primary\">Contact<\/h2><\/div>\n        <\/section>\t\t\t\t<\/div>\n\t\t\t\t<\/div>\n\t\t\t\t<div class=\"elementor-element elementor-element-80f97ca elementor-widget elementor-widget-aux_breadcrumbs\" data-id=\"80f97ca\" data-element_type=\"widget\" data-widget_type=\"aux_breadcrumbs.default\">\n\t\t\t\t<div class=\"elementor-widget-container\">\n\t\t\t\t\t<div class=\"aux-elementor-breadcrumbs\"><p class=\"aux-breadcrumbs\"><span><span><a href=\"https:\/\/emu2025.ehh.ro\/\">Home<\/a><\/span><\/span><\/p><\/div>\t\t\t\t<\/div>\n\t\t\t\t<\/div>\n\t\t\t\t\t<\/div>\n\t\t<\/div>\n\t\t\t\t\t<\/div>\n\t\t<\/section>\n\t\t\t\t<section class=\"elementor-section elementor-top-section elementor-element elementor-element-2ba81e11 elementor-section-stretched elementor-section-content-middle elementor-section-boxed elementor-section-height-default elementor-section-height-default\" data-id=\"2ba81e11\" data-element_type=\"section\" data-settings=\"{&quot;stretch_section&quot;:&quot;section-stretched&quot;,&quot;background_background&quot;:&quot;classic&quot;}\">\n\t\t\t\t\t\t\t<div class=\"elementor-background-overlay\"><\/div>\n\t\t\t\t\t\t\t<div class=\"elementor-container elementor-column-gap-default\">\n\t\t\t\t\t<div class=\"aux-parallax-section elementor-column elementor-col-33 elementor-top-column elementor-element elementor-element-377515cf aux-appear-watch-animation aux-fade-in-up\" data-id=\"377515cf\" data-element_type=\"column\">\n\t\t\t<div class=\"elementor-widget-wrap elementor-element-populated\">\n\t\t\t\t\t\t<div class=\"elementor-element elementor-element-178975f3 elementor-widget elementor-widget-aux_modern_heading\" data-id=\"178975f3\" data-element_type=\"widget\" data-widget_type=\"aux_modern_heading.default\">\n\t\t\t\t<div class=\"elementor-widget-container\">\n\t\t\t\t\t<section class=\"aux-widget-modern-heading\">\n            <div class=\"aux-widget-inner\"><h2 class=\"aux-modern-heading-primary\">AI \u00ceNTREB\u0102RI?<\/h2><h3 class=\"aux-modern-heading-secondary\"><span class=\"aux-head-before\">Contacteaz\u0103-ne!<\/span><\/h3><div class=\"aux-modern-heading-divider\"><\/div><\/div>\n        <\/section>\t\t\t\t<\/div>\n\t\t\t\t<\/div>\n\t\t\t\t<div class=\"elementor-element elementor-element-e5db2c7 elementor-widget elementor-widget-aux_contact_form\" data-id=\"e5db2c7\" data-element_type=\"widget\" data-widget_type=\"aux_contact_form.default\">\n\t\t\t\t<div class=\"elementor-widget-container\">\n\t\t\t\t\t<section class=\"widget-container aux-widget-contact-form aux-parent-au277a757e\">            <div class=\"aux-col-wrapper aux-no-gutter\">\n            <!-- @TODO - The output for element here -->\n\n            \n<div class=\"wpcf7 no-js\" id=\"wpcf7-f600-o1\" lang=\"en-US\" dir=\"ltr\" data-wpcf7-id=\"600\">\n<div class=\"screen-reader-response\"><p role=\"status\" aria-live=\"polite\" aria-atomic=\"true\"><\/p> <ul><\/ul><\/div>\n<form action=\"\/ro\/wp-json\/wp\/v2\/pages\/598#wpcf7-f600-o1\" method=\"post\" class=\"wpcf7-form init\" aria-label=\"Contact form\" novalidate=\"novalidate\" data-status=\"init\">\n<div style=\"display: none;\">\n<input type=\"hidden\" name=\"_wpcf7\" value=\"600\" \/>\n<input type=\"hidden\" name=\"_wpcf7_version\" value=\"6.0.5\" \/>\n<input type=\"hidden\" name=\"_wpcf7_locale\" value=\"en_US\" \/>\n<input type=\"hidden\" name=\"_wpcf7_unit_tag\" value=\"wpcf7-f600-o1\" \/>\n<input type=\"hidden\" name=\"_wpcf7_container_post\" value=\"0\" \/>\n<input type=\"hidden\" name=\"_wpcf7_posted_data_hash\" value=\"\" \/>\n<\/div>\n<div class=\"aux-arch-form-inputs\">\n\t<p><span class=\"wpcf7-form-control-wrap\" data-name=\"your-name\"><input size=\"40\" maxlength=\"400\" class=\"wpcf7-form-control wpcf7-text wpcf7-validates-as-required\" aria-required=\"true\" aria-invalid=\"false\" placeholder=\"Nume *\" value=\"\" type=\"text\" name=\"your-name\" \/><\/span><br \/>\n<span class=\"wpcf7-form-control-wrap\" data-name=\"your-email\"><input size=\"40\" maxlength=\"400\" class=\"wpcf7-form-control wpcf7-email wpcf7-validates-as-required wpcf7-text wpcf7-validates-as-email\" aria-required=\"true\" aria-invalid=\"false\" placeholder=\"E-mail *\" value=\"\" type=\"email\" name=\"your-email\" \/><\/span><br \/>\n<span class=\"wpcf7-form-control-wrap\" data-name=\"tel-136\"><input size=\"40\" maxlength=\"400\" class=\"wpcf7-form-control wpcf7-tel wpcf7-validates-as-required wpcf7-text wpcf7-validates-as-tel\" aria-required=\"true\" aria-invalid=\"false\" placeholder=\"Nr. telefon *\" value=\"\" type=\"tel\" name=\"tel-136\" \/><\/span>\n\t<\/p>\n<\/div>\n<div class=\"aux-arch-form-textarea\">\n\t<p><span class=\"wpcf7-form-control-wrap\" data-name=\"your-message\"><textarea cols=\"40\" rows=\"10\" maxlength=\"2000\" class=\"wpcf7-form-control wpcf7-textarea wpcf7-validates-as-required\" aria-required=\"true\" aria-invalid=\"false\" placeholder=\"Mesaj *\" name=\"your-message\"><\/textarea><\/span>\n\t<\/p>\n<\/div>\n<div class=\"aux-arch-form-textarea\">\n\t<p><span class=\"wpcf7-form-control-wrap\" data-name=\"acceptance-619\"><span class=\"wpcf7-form-control wpcf7-acceptance\"><span class=\"wpcf7-list-item\"><label><input type=\"checkbox\" name=\"acceptance-619\" value=\"1\" aria-invalid=\"false\" \/><span class=\"wpcf7-list-item-label\">Prin utilizarea acestui formular sunte\u021bi de acord cu stocarea \u0219i manipularea datelor dvs. pe acest site web \u00een vederea primirii unui r\u0103spuns.<\/span><\/label><\/span><\/span><\/span>\n\t<\/p>\n<\/div>\n<p><input class=\"wpcf7-form-control wpcf7-submit has-spinner\" type=\"submit\" value=\"Trimite\" \/>\n<\/p><div class=\"wpcf7-response-output\" aria-hidden=\"true\"><\/div>\n<\/form>\n<\/div>\n\n\n            <\/div><!-- aux-col-wrapper -->\n    <\/section><!-- widget-container -->\t\t\t\t<\/div>\n\t\t\t\t<\/div>\n\t\t\t\t\t<\/div>\n\t\t<\/div>\n\t\t\t\t<div class=\"aux-parallax-section elementor-column elementor-col-33 elementor-top-column elementor-element elementor-element-5f7d5e2f\" data-id=\"5f7d5e2f\" data-element_type=\"column\">\n\t\t\t<div class=\"elementor-widget-wrap\">\n\t\t\t\t\t\t\t<\/div>\n\t\t<\/div>\n\t\t\t\t<div class=\"aux-parallax-section elementor-column elementor-col-33 elementor-top-column elementor-element elementor-element-1c59af4f aux-appear-watch-animation aux-fade-in-up-1\" data-id=\"1c59af4f\" data-element_type=\"column\">\n\t\t\t<div class=\"elementor-widget-wrap elementor-element-populated\">\n\t\t\t\t\t\t<div class=\"elementor-element elementor-element-878546a aux-arch-home-info-box elementor-widget elementor-widget-text-editor\" data-id=\"878546a\" data-element_type=\"widget\" data-widget_type=\"text-editor.default\">\n\t\t\t\t<div class=\"elementor-widget-container\">\n\t\t\t\t\t\t\t\t\t<p>Loca\u021bie: Cetatea T\u00e2rgu Mure\u0219<\/p><p>Website: www.emu.ehh.ro<\/p><p>Nr. telefon: +40 773 717 552<\/p><hr \/><p><strong>Data:<\/strong><\/p><p>27 Septembrie, s\u00e2mb\u0103t\u0103\u00a0<\/p><p>28 Septembrie, duminic\u0103\u00a0<\/p>\t\t\t\t\t\t\t\t<\/div>\n\t\t\t\t<\/div>\n\t\t\t\t\t<\/div>\n\t\t<\/div>\n\t\t\t\t\t<\/div>\n\t\t<\/section>\n\t\t\t\t<\/div>\n\t\t","protected":false},"excerpt":{"rendered":"<p>Contact Home AI \u00ceNTREB\u0102RI? Contacteaz\u0103-ne! Prin utilizarea acestui formular sunte\u021bi de acord cu stocarea \u0219i manipularea datelor dvs. pe acest site web \u00een vederea primirii unui r\u0103spuns. Loca\u021bie: Cetatea T\u00e2rgu Mure\u0219 Website: www.emu.ehh.ro Nr. telefon: +40 773 717 552 Data: 27 Septembrie, s\u00e2mb\u0103t\u0103\u00a0 28 Septembrie, duminic\u0103\u00a0<\/p>\n","protected":false},"author":1,"featured_media":0,"parent":0,"menu_order":0,"comment_status":"closed","ping_status":"closed","template":"templates\/page-builder-content.php","meta":{"_acf_changed":false,"footnotes":""},"class_list":["post-598","page","type-page","status-publish","hentry"],"acf":[],"yoast_head":"<!-- This site is optimized with the Yoast SEO plugin v24.7 - https:\/\/yoast.com\/wordpress\/plugins\/seo\/ -->\n<title>Contact - III. S\u0103rb\u0103toare Me\u015fte\u015fugurilor Ardelene\u015fti<\/title>\n<meta name=\"robots\" content=\"index, follow, max-snippet:-1, max-image-preview:large, max-video-preview:-1\" \/>\n<link rel=\"canonical\" href=\"https:\/\/emu2025.ehh.ro\/kapcsolat\/\" \/>\n<meta property=\"og:locale\" content=\"ro_RO\" \/>\n<meta property=\"og:type\" content=\"article\" \/>\n<meta property=\"og:title\" content=\"Contact - III. S\u0103rb\u0103toare Me\u015fte\u015fugurilor Ardelene\u015fti\" \/>\n<meta property=\"og:description\" content=\"Contact Home AI \u00ceNTREB\u0102RI? Contacteaz\u0103-ne! Prin utilizarea acestui formular sunte\u021bi de acord cu stocarea \u0219i manipularea datelor dvs. pe acest site web \u00een vederea primirii unui r\u0103spuns. Loca\u021bie: Cetatea T\u00e2rgu Mure\u0219 Website: www.emu.ehh.ro Nr. telefon: +40 773 717 552 Data: 27 Septembrie, s\u00e2mb\u0103t\u0103\u00a0 28 Septembrie, duminic\u0103\u00a0\" \/>\n<meta property=\"og:url\" content=\"https:\/\/emu2025.ehh.ro\/kapcsolat\/\" \/>\n<meta property=\"og:site_name\" content=\"III. S\u0103rb\u0103toare Me\u015fte\u015fugurilor Ardelene\u015fti\" \/>\n<meta property=\"article:publisher\" content=\"https:\/\/www.facebook.com\/erdelyi.mestersegek.unnepe\" \/>\n<meta property=\"article:modified_time\" content=\"2025-04-02T09:25:18+00:00\" \/>\n<meta property=\"og:image\" content=\"https:\/\/emu2025.ehh.ro\/wp-content\/uploads\/2025\/03\/img-home-hero.webp\" \/>\n\t<meta property=\"og:image:width\" content=\"1920\" \/>\n\t<meta property=\"og:image:height\" content=\"1280\" \/>\n\t<meta property=\"og:image:type\" content=\"image\/webp\" \/>\n<meta name=\"twitter:card\" content=\"summary_large_image\" \/>\n<meta name=\"twitter:label1\" content=\"Timp estimat pentru citire\" \/>\n\t<meta name=\"twitter:data1\" content=\"1 minut\" \/>\n<script type=\"application\/ld+json\" class=\"yoast-schema-graph\">{\"@context\":\"https:\/\/schema.org\",\"@graph\":[{\"@type\":\"WebPage\",\"@id\":\"https:\/\/emu2025.ehh.ro\/kapcsolat\/\",\"url\":\"https:\/\/emu2025.ehh.ro\/kapcsolat\/\",\"name\":\"Contact - III. S\u0103rb\u0103toare Me\u015fte\u015fugurilor Ardelene\u015fti\",\"isPartOf\":{\"@id\":\"https:\/\/emu2025.ehh.ro\/#website\"},\"datePublished\":\"2018-06-19T10:44:49+00:00\",\"dateModified\":\"2025-04-02T09:25:18+00:00\",\"breadcrumb\":{\"@id\":\"https:\/\/emu2025.ehh.ro\/kapcsolat\/#breadcrumb\"},\"inLanguage\":\"ro-RO\",\"potentialAction\":[{\"@type\":\"ReadAction\",\"target\":[\"https:\/\/emu2025.ehh.ro\/kapcsolat\/\"]}]},{\"@type\":\"BreadcrumbList\",\"@id\":\"https:\/\/emu2025.ehh.ro\/kapcsolat\/#breadcrumb\",\"itemListElement\":[{\"@type\":\"ListItem\",\"position\":1,\"name\":\"Home\",\"item\":\"https:\/\/emu2025.ehh.ro\/\"},{\"@type\":\"ListItem\",\"position\":2,\"name\":\"Contact\"}]},{\"@type\":\"WebSite\",\"@id\":\"https:\/\/emu2025.ehh.ro\/#website\",\"url\":\"https:\/\/emu2025.ehh.ro\/\",\"name\":\"Harmadik Erd\u00e9lyi Mesters\u00e9gek \u00dcnnepe\",\"description\":\"\",\"publisher\":{\"@id\":\"https:\/\/emu2025.ehh.ro\/#organization\"},\"potentialAction\":[{\"@type\":\"SearchAction\",\"target\":{\"@type\":\"EntryPoint\",\"urlTemplate\":\"https:\/\/emu2025.ehh.ro\/?s={search_term_string}\"},\"query-input\":{\"@type\":\"PropertyValueSpecification\",\"valueRequired\":true,\"valueName\":\"search_term_string\"}}],\"inLanguage\":\"ro-RO\"},{\"@type\":\"Organization\",\"@id\":\"https:\/\/emu2025.ehh.ro\/#organization\",\"name\":\"M\u00e1sodik Erd\u00e9lyi Mesters\u00e9gek \u00dcnnepe\",\"url\":\"https:\/\/emu2025.ehh.ro\/\",\"logo\":{\"@type\":\"ImageObject\",\"inLanguage\":\"ro-RO\",\"@id\":\"https:\/\/emu2025.ehh.ro\/#\/schema\/logo\/image\/\",\"url\":\"https:\/\/emu2025.ehh.ro\/wp-content\/uploads\/2025\/04\/logo-emu-ro.png\",\"contentUrl\":\"https:\/\/emu2025.ehh.ro\/wp-content\/uploads\/2025\/04\/logo-emu-ro.png\",\"width\":226,\"height\":70,\"caption\":\"M\u00e1sodik Erd\u00e9lyi Mesters\u00e9gek \u00dcnnepe\"},\"image\":{\"@id\":\"https:\/\/emu2025.ehh.ro\/#\/schema\/logo\/image\/\"},\"sameAs\":[\"https:\/\/www.facebook.com\/erdelyi.mestersegek.unnepe\"]}]}<\/script>\n<!-- \/ Yoast SEO plugin. -->","yoast_head_json":{"title":"Contact - III. S\u0103rb\u0103toare Me\u015fte\u015fugurilor Ardelene\u015fti","robots":{"index":"index","follow":"follow","max-snippet":"max-snippet:-1","max-image-preview":"max-image-preview:large","max-video-preview":"max-video-preview:-1"},"canonical":"https:\/\/emu2025.ehh.ro\/kapcsolat\/","og_locale":"ro_RO","og_type":"article","og_title":"Contact - III. S\u0103rb\u0103toare Me\u015fte\u015fugurilor Ardelene\u015fti","og_description":"Contact Home AI \u00ceNTREB\u0102RI? Contacteaz\u0103-ne! Prin utilizarea acestui formular sunte\u021bi de acord cu stocarea \u0219i manipularea datelor dvs. pe acest site web \u00een vederea primirii unui r\u0103spuns. Loca\u021bie: Cetatea T\u00e2rgu Mure\u0219 Website: www.emu.ehh.ro Nr. telefon: +40 773 717 552 Data: 27 Septembrie, s\u00e2mb\u0103t\u0103\u00a0 28 Septembrie, duminic\u0103\u00a0","og_url":"https:\/\/emu2025.ehh.ro\/kapcsolat\/","og_site_name":"III. S\u0103rb\u0103toare Me\u015fte\u015fugurilor Ardelene\u015fti","article_publisher":"https:\/\/www.facebook.com\/erdelyi.mestersegek.unnepe","article_modified_time":"2025-04-02T09:25:18+00:00","og_image":[{"width":1920,"height":1280,"url":"https:\/\/emu2025.ehh.ro\/wp-content\/uploads\/2025\/03\/img-home-hero.webp","type":"image\/webp"}],"twitter_card":"summary_large_image","twitter_misc":{"Timp estimat pentru citire":"1 minut"},"schema":{"@context":"https:\/\/schema.org","@graph":[{"@type":"WebPage","@id":"https:\/\/emu2025.ehh.ro\/kapcsolat\/","url":"https:\/\/emu2025.ehh.ro\/kapcsolat\/","name":"Contact - III. S\u0103rb\u0103toare Me\u015fte\u015fugurilor Ardelene\u015fti","isPartOf":{"@id":"https:\/\/emu2025.ehh.ro\/#website"},"datePublished":"2018-06-19T10:44:49+00:00","dateModified":"2025-04-02T09:25:18+00:00","breadcrumb":{"@id":"https:\/\/emu2025.ehh.ro\/kapcsolat\/#breadcrumb"},"inLanguage":"ro-RO","potentialAction":[{"@type":"ReadAction","target":["https:\/\/emu2025.ehh.ro\/kapcsolat\/"]}]},{"@type":"BreadcrumbList","@id":"https:\/\/emu2025.ehh.ro\/kapcsolat\/#breadcrumb","itemListElement":[{"@type":"ListItem","position":1,"name":"Home","item":"https:\/\/emu2025.ehh.ro\/"},{"@type":"ListItem","position":2,"name":"Contact"}]},{"@type":"WebSite","@id":"https:\/\/emu2025.ehh.ro\/#website","url":"https:\/\/emu2025.ehh.ro\/","name":"Harmadik Erd\u00e9lyi Mesters\u00e9gek \u00dcnnepe","description":"","publisher":{"@id":"https:\/\/emu2025.ehh.ro\/#organization"},"potentialAction":[{"@type":"SearchAction","target":{"@type":"EntryPoint","urlTemplate":"https:\/\/emu2025.ehh.ro\/?s={search_term_string}"},"query-input":{"@type":"PropertyValueSpecification","valueRequired":true,"valueName":"search_term_string"}}],"inLanguage":"ro-RO"},{"@type":"Organization","@id":"https:\/\/emu2025.ehh.ro\/#organization","name":"M\u00e1sodik Erd\u00e9lyi Mesters\u00e9gek \u00dcnnepe","url":"https:\/\/emu2025.ehh.ro\/","logo":{"@type":"ImageObject","inLanguage":"ro-RO","@id":"https:\/\/emu2025.ehh.ro\/#\/schema\/logo\/image\/","url":"https:\/\/emu2025.ehh.ro\/wp-content\/uploads\/2025\/04\/logo-emu-ro.png","contentUrl":"https:\/\/emu2025.ehh.ro\/wp-content\/uploads\/2025\/04\/logo-emu-ro.png","width":226,"height":70,"caption":"M\u00e1sodik Erd\u00e9lyi Mesters\u00e9gek \u00dcnnepe"},"image":{"@id":"https:\/\/emu2025.ehh.ro\/#\/schema\/logo\/image\/"},"sameAs":["https:\/\/www.facebook.com\/erdelyi.mestersegek.unnepe"]}]}},"_links":{"self":[{"href":"https:\/\/emu2025.ehh.ro\/ro\/wp-json\/wp\/v2\/pages\/598","targetHints":{"allow":["GET"]}}],"collection":[{"href":"https:\/\/emu2025.ehh.ro\/ro\/wp-json\/wp\/v2\/pages"}],"about":[{"href":"https:\/\/emu2025.ehh.ro\/ro\/wp-json\/wp\/v2\/types\/page"}],"author":[{"embeddable":true,"href":"https:\/\/emu2025.ehh.ro\/ro\/wp-json\/wp\/v2\/users\/1"}],"replies":[{"embeddable":true,"href":"https:\/\/emu2025.ehh.ro\/ro\/wp-json\/wp\/v2\/comments?post=598"}],"version-history":[{"count":25,"href":"https:\/\/emu2025.ehh.ro\/ro\/wp-json\/wp\/v2\/pages\/598\/revisions"}],"predecessor-version":[{"id":1522,"href":"https:\/\/emu2025.ehh.ro\/ro\/wp-json\/wp\/v2\/pages\/598\/revisions\/1522"}],"wp:attachment":[{"href":"https:\/\/emu2025.ehh.ro\/ro\/wp-json\/wp\/v2\/media?parent=598"}],"curies":[{"name":"wp","href":"https:\/\/api.w.org\/{rel}","templated":true}]}}